{"id":1660,"date":"2025-08-18T14:17:21","date_gmt":"2025-08-18T14:17:21","guid":{"rendered":"http:\/\/victoriaorange.fr\/?page_id=1660"},"modified":"2025-08-22T15:25:59","modified_gmt":"2025-08-22T15:25:59","slug":"about","status":"publish","type":"page","link":"http:\/\/victoriaorange.fr\/fr\/about\/","title":{"rendered":"A propos"},"content":{"rendered":"<figure class=\"wp-block-image alignright size-large is-resized is-style-rounded\"><img loading=\"lazy\" decoding=\"async\" width=\"1024\" height=\"969\" src=\"http:\/\/victoriaorange.fr\/wp-content\/uploads\/2025\/08\/IMG_6729-1024x969.jpeg\" alt=\"\" class=\"wp-image-1657\" style=\"width:370px;height:auto\" srcset=\"http:\/\/victoriaorange.fr\/wp-content\/uploads\/2025\/08\/IMG_6729-1024x969.jpeg 1024w, http:\/\/victoriaorange.fr\/wp-content\/uploads\/2025\/08\/IMG_6729-300x284.jpeg 300w, http:\/\/victoriaorange.fr\/wp-content\/uploads\/2025\/08\/IMG_6729-768x727.jpeg 768w, http:\/\/victoriaorange.fr\/wp-content\/uploads\/2025\/08\/IMG_6729-1536x1454.jpeg 1536w, http:\/\/victoriaorange.fr\/wp-content\/uploads\/2025\/08\/IMG_6729-2048x1938.jpeg 2048w\" sizes=\"auto, (max-width: 1024px) 100vw, 1024px\" \/><\/figure>\n\n\n\n<h3 class=\"wp-block-heading\"><strong>\u00c0 propos<\/strong><\/h3>\n\n\n\n<h4 class=\"wp-block-heading\"><strong>Connexion \u00b7 Compr\u00e9hension \u00b7 \u00c9quilibre<\/strong><\/h4>\n\n\n\n<p>Bonjour, et bienvenue.<\/p>\n\n\n\n<p>Je m\u2019appelle Victoria, je suis d\u2019origine britannique, et je travaille depuis plus de 25 ans dans les domaines de la langue, de la formation, de l\u2019accompagnement interculturel et du bien-\u00eatre.<\/p>\n\n\n\n<p>Je travaille \u00e0 l\u2019international en anglais, fran\u00e7ais, allemand et russe. Mon parcours s\u2019est toujours appuy\u00e9 sur trois valeurs essentielles : <strong>la connexion<\/strong>, <strong>la compr\u00e9hension<\/strong>, et <strong>l\u2019\u00e9quilibre<\/strong> \u2014 que ce soit \u00e0 travers les langues, l\u2019apprentissage ou la pr\u00e9sence.<\/p>\n\n\n\n<hr class=\"wp-block-separator has-alpha-channel-opacity\"\/>\n\n\n\n<h4 class=\"wp-block-heading\"><strong> Un parcours pluriel<\/strong><\/h4>\n\n\n\n<p>J\u2019ai d\u00e9but\u00e9 ma carri\u00e8re en tant que <strong>traductrice et interpr\u00e8te<\/strong>, sp\u00e9cialis\u00e9e dans <strong>les domaines m\u00e9dical, juridique, touristique<\/strong> et commercial. J\u2019ai accompagn\u00e9 des particuliers, des institutions et des entreprises internationales <strong>dans des contextes vari\u00e9s<\/strong> \u2014 de la salle de r\u00e9union \u00e0 l\u2019entretien d\u2019aide psychologique.<\/p>\n\n\n\n<p>Parall\u00e8lement, j\u2019ai enseign\u00e9 l\u2019anglais \u00e0 des fins g\u00e9n\u00e9rales et sp\u00e9cifiques dans <strong>des universit\u00e9s, des entreprises et des organismes internationaux<\/strong>. Mon enseignement s\u2019est progressivement \u00e9largi \u00e0 la <strong>communication interculturelle<\/strong>, <strong>\u00e0 la gestion des ressources humaines internationales<\/strong>, et <strong>\u00e0 la g\u00e9opolitique<\/strong>, pour accompagner les personnes et les \u00e9quipes dans les transitions culturelles \u00e0 travers le monde.<\/p>\n\n\n\n<p>En tant que <strong>formatrice interculturelle<\/strong>, j\u2019ai accompagn\u00e9 des professionnels du monde entier \u2014 et parfois leurs familles \u2014 lors de leur installation \u00e0 l\u2019\u00e9tranger, en facilitant la transition culturelle avec bienveillance et clart\u00e9.<\/p>\n\n\n\n<hr class=\"wp-block-separator has-alpha-channel-opacity\"\/>\n\n\n\n<h4 class=\"wp-block-heading\"><strong>Vers plus de pr\u00e9sence et de bien-\u00eatre<\/strong><\/h4>\n\n\n\n<p>Ces derni\u00e8res ann\u00e9es, j\u2019ai approfondi ma pratique <strong>de la m\u00e9ditation et de la gestion du stress<\/strong>, en obtenant <strong>un dipl\u00f4me universitaire en m\u00e9ditation et sant\u00e9<\/strong>. Mon m\u00e9moire portait sur l\u2019apport de la m\u00e9ditation <strong>pour les interpr\u00e8tes travaillant dans le champ m\u00e9dico-social<\/strong>, confront\u00e9s \u00e0 des situations humaines intenses.<\/p>\n\n\n\n<p>J\u2019int\u00e8gre aujourd\u2019hui la pleine conscience et l\u2019ancrage corporel dans mes formations, et je propose \u00e9galement <strong>des cours de m\u00e9ditation au grand public.<\/strong> Je d\u00e9veloppe en ce moment une activit\u00e9 de coaching, <strong>pour<\/strong> accompagner celles et ceux qui souhaitent se recentrer, retrouver de l\u2019\u00e9lan et avancer avec plus de clart\u00e9.<\/p>\n\n\n\n<hr class=\"wp-block-separator has-alpha-channel-opacity\"\/>\n\n\n\n<h4 class=\"wp-block-heading\"><strong>Une approche humaine et adaptable<\/strong><\/h4>\n\n\n\n<p>Que ce soit pour une s\u00e9ance de coaching, une traduction sensible, un cours de langue ou un accompagnement interculturel, mon approche est toujours la m\u00eame :<br><strong>attentive, souple, centr\u00e9e sur la personne.<\/strong>.<\/p>\n\n\n\n<p>Je suis convaincue que toute compr\u00e9hension v\u00e9ritable \u2014 entre individus, entre cultures, ou envers soi-m\u00eame \u2014 commence par l\u2019\u00e9coute et la pr\u00e9sence.<\/p>\n\n\n\n<hr class=\"wp-block-separator has-alpha-channel-opacity\"\/>\n\n\n\n<h4 class=\"wp-block-heading\"><strong>Et maintenant ?<\/strong><\/h4>\n\n\n\n<p>Bas\u00e9e en France, je propose des accompagnements en ligne ou en pr\u00e9sentiel, selon les besoins.<\/p>\n\n\n\n<p>Si quelque chose dans ce parcours vous parle, n\u2019h\u00e9sitez pas \u00e0 me contacter. Je serai ravie d\u2019\u00e9changer avec vous. <strong><a href=\"http:\/\/victoriaorange.fr\/fr\/contact\/\">Contactez-moi<\/a> <\/strong>ici.<\/p>\n\n\n\n<p><\/p>","protected":false},"excerpt":{"rendered":"<p>About Me Connection \u00b7 Understanding \u00b7 Balance Hello, and welcome. I\u2019m Victoria, a British-born professional with over 25 years of [&hellip;]<\/p>","protected":false},"author":1,"featured_media":0,"parent":0,"menu_order":0,"comment_status":"closed","ping_status":"closed","template":"","meta":{"site-sidebar-layout":"default","site-content-layout":"","ast-site-content-layout":"default","site-content-style":"default","site-sidebar-style":"default","ast-global-header-display":"","ast-banner-title-visibility":"","ast-main-header-display":"","ast-hfb-above-header-display":"","ast-hfb-below-header-display":"","ast-hfb-mobile-header-display":"","site-post-title":"","ast-breadcrumbs-content":"","ast-featured-img":"","footer-sml-layout":"","theme-transparent-header-meta":"","adv-header-id-meta":"","stick-header-meta":"","header-above-stick-meta":"","header-main-stick-meta":"","header-below-stick-meta":"","astra-migrate-meta-layouts":"default","ast-page-background-enabled":"default","ast-page-background-meta":{"desktop":{"background-color":"var(--ast-global-color-4)","background-image":"","background-repeat":"repeat","background-position":"center center","background-size":"auto","background-attachment":"scroll","background-type":"","background-media":"","overlay-type":"","overlay-color":"","overlay-opacity":"","overlay-gradient":""},"tablet":{"background-color":"","background-image":"","background-repeat":"repeat","background-position":"center center","background-size":"auto","background-attachment":"scroll","background-type":"","background-media":"","overlay-type":"","overlay-color":"","overlay-opacity":"","overlay-gradient":""},"mobile":{"background-color":"","background-image":"","background-repeat":"repeat","background-position":"center center","background-size":"auto","background-attachment":"scroll","background-type":"","background-media":"","overlay-type":"","overlay-color":"","overlay-opacity":"","overlay-gradient":""}},"ast-content-background-meta":{"desktop":{"background-color":"var(--ast-global-color-5)","background-image":"","background-repeat":"repeat","background-position":"center center","background-size":"auto","background-attachment":"scroll","background-type":"","background-media":"","overlay-type":"","overlay-color":"","overlay-opacity":"","overlay-gradient":""},"tablet":{"background-color":"var(--ast-global-color-5)","background-image":"","background-repeat":"repeat","background-position":"center center","background-size":"auto","background-attachment":"scroll","background-type":"","background-media":"","overlay-type":"","overlay-color":"","overlay-opacity":"","overlay-gradient":""},"mobile":{"background-color":"var(--ast-global-color-5)","background-image":"","background-repeat":"repeat","background-position":"center center","background-size":"auto","background-attachment":"scroll","background-type":"","background-media":"","overlay-type":"","overlay-color":"","overlay-opacity":"","overlay-gradient":""}},"footnotes":""},"class_list":["post-1660","page","type-page","status-publish","hentry"],"_links":{"self":[{"href":"http:\/\/victoriaorange.fr\/fr\/wp-json\/wp\/v2\/pages\/1660","targetHints":{"allow":["GET"]}}],"collection":[{"href":"http:\/\/victoriaorange.fr\/fr\/wp-json\/wp\/v2\/pages"}],"about":[{"href":"http:\/\/victoriaorange.fr\/fr\/wp-json\/wp\/v2\/types\/page"}],"author":[{"embeddable":true,"href":"http:\/\/victoriaorange.fr\/fr\/wp-json\/wp\/v2\/users\/1"}],"replies":[{"embeddable":true,"href":"http:\/\/victoriaorange.fr\/fr\/wp-json\/wp\/v2\/comments?post=1660"}],"version-history":[{"count":6,"href":"http:\/\/victoriaorange.fr\/fr\/wp-json\/wp\/v2\/pages\/1660\/revisions"}],"predecessor-version":[{"id":1711,"href":"http:\/\/victoriaorange.fr\/fr\/wp-json\/wp\/v2\/pages\/1660\/revisions\/1711"}],"wp:attachment":[{"href":"http:\/\/victoriaorange.fr\/fr\/wp-json\/wp\/v2\/media?parent=1660"}],"curies":[{"name":"wp","href":"https:\/\/api.w.org\/{rel}","templated":true}]}}