{"id":1671,"date":"2025-08-18T15:09:18","date_gmt":"2025-08-18T15:09:18","guid":{"rendered":"http:\/\/victoriaorange.fr\/?page_id=1671"},"modified":"2025-09-05T08:46:16","modified_gmt":"2025-09-05T08:46:16","slug":"welcome","status":"publish","type":"page","link":"http:\/\/victoriaorange.fr\/fr\/","title":{"rendered":"Bienvenue !"},"content":{"rendered":"<figure class=\"wp-block-image alignleft size-full is-resized responsive-img\"><img decoding=\"async\" src=\"http:\/\/victoriaorange.fr\/wp-content\/uploads\/2025\/08\/zipwp-image-811575.jpg\" alt=\"\" class=\"wp-image-1655\" style=\"width:100px\"\/><\/figure>\n\n\n\n<h3 class=\"wp-block-heading\"><strong>Je suis Victoria<\/strong><\/h3>\n\n\n\n<h4 class=\"wp-block-heading\">Favoriser la connexion entre les \u00eatres par la langue, le savoir et la pr\u00e9sence.<\/h4>\n\n\n\n<h4 class=\"wp-block-heading\">Traductrice . Formatrice . M\u00e9ditation &amp; Coach de Vie<\/h4>\n\n\n\n<p><\/p>\n\n\n\n<p>Forte de plus de 25 ans d'exp\u00e9rience en tant que professionnelle des langues, formatrice et accompagnatrice bien-\u00eatre, je propose des services de traduction, de formation, de m\u00e9ditation et de coaching de vie, tant aux particuliers qu'aux groupes. Bas\u00e9e en France, je travaille \u00e0 l'international en anglais et en fran\u00e7ais.<\/p>\n\n\n\n<p><\/p>\n\n\n\n<p><\/p>\n\n\n\n<hr class=\"wp-block-separator has-alpha-channel-opacity\"\/>\n\n\n\n<p><\/p>\n\n\n\n<h3 class=\"wp-block-heading\"><strong>Ce que je propose<\/strong><\/h3>\n\n\n\n<h4 class=\"wp-block-heading\"><strong>Traduction &amp; Interpr\u00e9tariat<\/strong><\/h4>\n\n\n\n<p>Des services professionnels, pr\u00e9cis et centr\u00e9s sur l\u2019humain en anglais et en fran\u00e7ais.<\/p>\n\n\n\n<h4 class=\"wp-block-heading\"><strong>Enseignement &amp; Formation<\/strong><\/h4>\n\n\n\n<p>Cours de langue et d\u00e9veloppement professionnel ax\u00e9s sur la clart\u00e9 et la confiance.<\/p>\n\n\n\n<h4 class=\"wp-block-heading\"><strong>M\u00e9ditation &amp; Coach de Vie<\/strong><\/h4>\n\n\n\n<p>Un accompagnement en douceur pour vous aider \u00e0 retrouver le calme, le sens et la clart\u00e9.<\/p>\n\n\n\n<p><\/p>\n\n\n\n<hr class=\"wp-block-separator has-alpha-channel-opacity\"\/>\n\n\n\n<h3 class=\"wp-block-heading\"><strong>T\u00e9moignages<\/strong><\/h3>\n\n\n\n<p><em>Travailler avec Victoria a \u00e9t\u00e9 un vrai plaisir \u2014 claire, bienveillante et professionnelle.<\/em><br>\u2014 Sandra, France<br><\/p>\n\n\n\n<hr class=\"wp-block-separator has-alpha-channel-opacity\"\/>\n\n\n\n<h3 class=\"wp-block-heading\"><strong>Contact<\/strong><\/h3>\n\n\n\n<p>Envie de collaborer, de r\u00e9server une s\u00e9ance ou de poser une question ?<br>J\u2019aimerais beaucoup avoir de vos nouvelles. <strong><a href=\"http:\/\/victoriaorange.fr\/fr\/contact\/\">Contactez-moi<\/a> <\/strong>ici.<\/p>\n\n\n\n<p><\/p>\n\n\n\n<p><\/p>\n\n\n\n<div class=\"wp-block-buttons is-layout-flex wp-block-buttons-is-layout-flex\">\n<div class=\"wp-block-button\"><a class=\"wp-block-button__link wp-element-button\" href=\"http:\/\/victoriaorange.fr\/fr\/1768-2\/\">PRENEZ RDV<\/a><\/div>\n<\/div>\n\n\n\n<p><\/p>","protected":false},"excerpt":{"rendered":"<p>I&#8217;m Victoria Helping people connect through language, learning, and presence. Translator \u00b7 Teacher \u00b7 Meditation &amp; Life Coach With over [&hellip;]<\/p>","protected":false},"author":1,"featured_media":0,"parent":0,"menu_order":0,"comment_status":"closed","ping_status":"closed","template":"","meta":{"site-sidebar-layout":"default","site-content-layout":"","ast-site-content-layout":"default","site-content-style":"default","site-sidebar-style":"default","ast-global-header-display":"","ast-banner-title-visibility":"","ast-main-header-display":"","ast-hfb-above-header-display":"","ast-hfb-below-header-display":"","ast-hfb-mobile-header-display":"","site-post-title":"","ast-breadcrumbs-content":"","ast-featured-img":"","footer-sml-layout":"","theme-transparent-header-meta":"","adv-header-id-meta":"","stick-header-meta":"","header-above-stick-meta":"","header-main-stick-meta":"","header-below-stick-meta":"","astra-migrate-meta-layouts":"default","ast-page-background-enabled":"default","ast-page-background-meta":{"desktop":{"background-color":"var(--ast-global-color-4)","background-image":"","background-repeat":"repeat","background-position":"center center","background-size":"auto","background-attachment":"scroll","background-type":"","background-media":"","overlay-type":"","overlay-color":"","overlay-opacity":"","overlay-gradient":""},"tablet":{"background-color":"","background-image":"","background-repeat":"repeat","background-position":"center center","background-size":"auto","background-attachment":"scroll","background-type":"","background-media":"","overlay-type":"","overlay-color":"","overlay-opacity":"","overlay-gradient":""},"mobile":{"background-color":"","background-image":"","background-repeat":"repeat","background-position":"center center","background-size":"auto","background-attachment":"scroll","background-type":"","background-media":"","overlay-type":"","overlay-color":"","overlay-opacity":"","overlay-gradient":""}},"ast-content-background-meta":{"desktop":{"background-color":"var(--ast-global-color-5)","background-image":"","background-repeat":"repeat","background-position":"center center","background-size":"auto","background-attachment":"scroll","background-type":"","background-media":"","overlay-type":"","overlay-color":"","overlay-opacity":"","overlay-gradient":""},"tablet":{"background-color":"var(--ast-global-color-5)","background-image":"","background-repeat":"repeat","background-position":"center center","background-size":"auto","background-attachment":"scroll","background-type":"","background-media":"","overlay-type":"","overlay-color":"","overlay-opacity":"","overlay-gradient":""},"mobile":{"background-color":"var(--ast-global-color-5)","background-image":"","background-repeat":"repeat","background-position":"center center","background-size":"auto","background-attachment":"scroll","background-type":"","background-media":"","overlay-type":"","overlay-color":"","overlay-opacity":"","overlay-gradient":""}},"footnotes":""},"class_list":["post-1671","page","type-page","status-publish","hentry"],"_links":{"self":[{"href":"http:\/\/victoriaorange.fr\/fr\/wp-json\/wp\/v2\/pages\/1671","targetHints":{"allow":["GET"]}}],"collection":[{"href":"http:\/\/victoriaorange.fr\/fr\/wp-json\/wp\/v2\/pages"}],"about":[{"href":"http:\/\/victoriaorange.fr\/fr\/wp-json\/wp\/v2\/types\/page"}],"author":[{"embeddable":true,"href":"http:\/\/victoriaorange.fr\/fr\/wp-json\/wp\/v2\/users\/1"}],"replies":[{"embeddable":true,"href":"http:\/\/victoriaorange.fr\/fr\/wp-json\/wp\/v2\/comments?post=1671"}],"version-history":[{"count":29,"href":"http:\/\/victoriaorange.fr\/fr\/wp-json\/wp\/v2\/pages\/1671\/revisions"}],"predecessor-version":[{"id":1779,"href":"http:\/\/victoriaorange.fr\/fr\/wp-json\/wp\/v2\/pages\/1671\/revisions\/1779"}],"wp:attachment":[{"href":"http:\/\/victoriaorange.fr\/fr\/wp-json\/wp\/v2\/media?parent=1671"}],"curies":[{"name":"wp","href":"https:\/\/api.w.org\/{rel}","templated":true}]}}