{"id":1677,"date":"2025-08-18T15:17:03","date_gmt":"2025-08-18T15:17:03","guid":{"rendered":"http:\/\/victoriaorange.fr\/?page_id=1677"},"modified":"2025-08-22T15:20:42","modified_gmt":"2025-08-22T15:20:42","slug":"translation-interpreting","status":"publish","type":"page","link":"http:\/\/victoriaorange.fr\/fr\/translation-interpreting\/","title":{"rendered":"Traduction &amp; Interpr\u00e9tariat"},"content":{"rendered":"<h2 class=\"wp-block-heading\"><\/h2>\n\n\n\n<h3 class=\"wp-block-heading\"><strong>Professionnelle, pr\u00e9cise, fiable<\/strong><\/h3>\n\n\n\n<p>Titulaire d\u2019un Master en langues et forte de plus de 25 ans d\u2019exp\u00e9rience, je propose des services de traduction et d\u2019interpr\u00e9tariat sp\u00e9cialis\u00e9s dans des domaines vari\u00e9s tels que le m\u00e9dical, le juridique, le commercial, le tourisme, et plus encore.<\/p>\n\n\n\n<hr class=\"wp-block-separator has-alpha-channel-opacity\"\/>\n\n\n\n<h3 class=\"wp-block-heading\">Langues<\/h3>\n\n\n\n<p>Je travaille couramment en <strong>anglais, fran\u00e7ais, allemand et russe,<\/strong>en adaptant mes prestations \u00e0 vos besoins sp\u00e9cifiques.<\/p>\n\n\n\n<hr class=\"wp-block-separator has-alpha-channel-opacity\"\/>\n\n\n\n<h3 class=\"wp-block-heading\">Services propos\u00e9s<\/h3>\n\n\n\n<ul class=\"wp-block-list\">\n<li><strong>Traduction<\/strong> (m\u00e9dicale, juridique, commerciale, touristique, g\u00e9n\u00e9rale)<\/li>\n\n\n\n<li><strong>Interpr\u00e9tariat<\/strong> pour les secteurs professionnel, m\u00e9dical et social<\/li>\n\n\n\n<li><strong>Relecture et correction<\/strong> pour garantir pr\u00e9cision et clart\u00e9<\/li>\n\n\n\n<li><strong>Post-\u00e9dition<\/strong> de traductions automatiques pour assurer la qualit\u00e9<\/li>\n<\/ul>\n\n\n\n<p>J\u2019utilise des outils TAO professionnels <strong>afin d\u2019assurer<\/strong> coh\u00e9rence et efficacit\u00e9.<\/p>\n\n\n\n<hr class=\"wp-block-separator has-alpha-channel-opacity\"\/>\n\n\n\n<h3 class=\"wp-block-heading\">Pourquoi me choisir ?<\/h3>\n\n\n\n<ul class=\"wp-block-list\">\n<li>Une longue exp\u00e9rience avec des clients partout dans le monde<\/li>\n\n\n\n<li>Des tarifs comp\u00e9titifs et flexibles<\/li>\n\n\n\n<li>Un engagement \u00e0 respecter les d\u00e9lais sans sacrifier la qualit\u00e9<\/li>\n\n\n\n<li>Une gestion rigoureuse des contenus sensibles et confidentiels<\/li>\n<\/ul>\n\n\n\n<hr class=\"wp-block-separator has-alpha-channel-opacity\"\/>\n\n\n\n<h3 class=\"wp-block-heading\">Contact<\/h3>\n\n\n\n<p>Que vous ayez besoin d\u2019une traduction pr\u00e9cise, d\u2019un interpr\u00e9tariat fiable ou d\u2019une relecture attentive, je suis \u00e0 votre disposition pour vous aider \u00e0 communiquer clairement au-del\u00e0 des langues et des cultures.<\/p>\n\n\n\n<p><strong><a href=\"http:\/\/victoriaorange.fr\/fr\/contact\/\">Contactez-moi<\/a><\/strong> pour discuter de votre projet ou demander un devis.<\/p>","protected":false},"excerpt":{"rendered":"<p>Professional, Accurate, Reliable With an MA in Languages and over 25 years of experience, I provide expert translation and interpreting [&hellip;]<\/p>","protected":false},"author":1,"featured_media":0,"parent":0,"menu_order":0,"comment_status":"closed","ping_status":"closed","template":"","meta":{"site-sidebar-layout":"default","site-content-layout":"","ast-site-content-layout":"default","site-content-style":"default","site-sidebar-style":"default","ast-global-header-display":"","ast-banner-title-visibility":"","ast-main-header-display":"","ast-hfb-above-header-display":"","ast-hfb-below-header-display":"","ast-hfb-mobile-header-display":"","site-post-title":"","ast-breadcrumbs-content":"","ast-featured-img":"","footer-sml-layout":"","theme-transparent-header-meta":"","adv-header-id-meta":"","stick-header-meta":"","header-above-stick-meta":"","header-main-stick-meta":"","header-below-stick-meta":"","astra-migrate-meta-layouts":"default","ast-page-background-enabled":"default","ast-page-background-meta":{"desktop":{"background-color":"var(--ast-global-color-4)","background-image":"","background-repeat":"repeat","background-position":"center center","background-size":"auto","background-attachment":"scroll","background-type":"","background-media":"","overlay-type":"","overlay-color":"","overlay-opacity":"","overlay-gradient":""},"tablet":{"background-color":"","background-image":"","background-repeat":"repeat","background-position":"center center","background-size":"auto","background-attachment":"scroll","background-type":"","background-media":"","overlay-type":"","overlay-color":"","overlay-opacity":"","overlay-gradient":""},"mobile":{"background-color":"","background-image":"","background-repeat":"repeat","background-position":"center center","background-size":"auto","background-attachment":"scroll","background-type":"","background-media":"","overlay-type":"","overlay-color":"","overlay-opacity":"","overlay-gradient":""}},"ast-content-background-meta":{"desktop":{"background-color":"var(--ast-global-color-5)","background-image":"","background-repeat":"repeat","background-position":"center center","background-size":"auto","background-attachment":"scroll","background-type":"","background-media":"","overlay-type":"","overlay-color":"","overlay-opacity":"","overlay-gradient":""},"tablet":{"background-color":"var(--ast-global-color-5)","background-image":"","background-repeat":"repeat","background-position":"center center","background-size":"auto","background-attachment":"scroll","background-type":"","background-media":"","overlay-type":"","overlay-color":"","overlay-opacity":"","overlay-gradient":""},"mobile":{"background-color":"var(--ast-global-color-5)","background-image":"","background-repeat":"repeat","background-position":"center center","background-size":"auto","background-attachment":"scroll","background-type":"","background-media":"","overlay-type":"","overlay-color":"","overlay-opacity":"","overlay-gradient":""}},"footnotes":""},"class_list":["post-1677","page","type-page","status-publish","hentry"],"_links":{"self":[{"href":"http:\/\/victoriaorange.fr\/fr\/wp-json\/wp\/v2\/pages\/1677","targetHints":{"allow":["GET"]}}],"collection":[{"href":"http:\/\/victoriaorange.fr\/fr\/wp-json\/wp\/v2\/pages"}],"about":[{"href":"http:\/\/victoriaorange.fr\/fr\/wp-json\/wp\/v2\/types\/page"}],"author":[{"embeddable":true,"href":"http:\/\/victoriaorange.fr\/fr\/wp-json\/wp\/v2\/users\/1"}],"replies":[{"embeddable":true,"href":"http:\/\/victoriaorange.fr\/fr\/wp-json\/wp\/v2\/comments?post=1677"}],"version-history":[{"count":3,"href":"http:\/\/victoriaorange.fr\/fr\/wp-json\/wp\/v2\/pages\/1677\/revisions"}],"predecessor-version":[{"id":1705,"href":"http:\/\/victoriaorange.fr\/fr\/wp-json\/wp\/v2\/pages\/1677\/revisions\/1705"}],"wp:attachment":[{"href":"http:\/\/victoriaorange.fr\/fr\/wp-json\/wp\/v2\/media?parent=1677"}],"curies":[{"name":"wp","href":"https:\/\/api.w.org\/{rel}","templated":true}]}}